{"id":122,"date":"2022-10-19T16:35:18","date_gmt":"2022-10-19T14:35:18","guid":{"rendered":"https:\/\/norborgland.no\/?page_id=122"},"modified":"2022-10-19T19:21:23","modified_gmt":"2022-10-19T17:21:23","slug":"produkter","status":"publish","type":"page","link":"https:\/\/norborgland.no\/?page_id=122","title":{"rendered":"Katalog"},"content":{"rendered":"            <div id=\"product_listing\" class=\"post-122 page type-page status-publish al_product responsive\">\n\t\t\t<div class=\"ic-catalog-container\"><h2 class=\"catalog-header\">Hovedkategorier<\/h2><div class=\"product-subcategories responsive default  per-row-3\">\r\n\t\r\n\r\n<div class=\"al_archive category-12 modern-grid-element green-box ic-design \">\r\n\t<a class=\"pseudo-a\" href=\"https:\/\/norborgland.no\/?al_product-cat=lag-og-organisasjoner\"><\/a>\r\n\t<div class=\"pseudo\"><\/div>\r\n\t<a href=\"https:\/\/norborgland.no\/?al_product-cat=lag-og-organisasjoner\"><img class=\"modern-grid-image\" src=\"https:\/\/norborgland.no\/wp-content\/plugins\/ecommerce-product-catalog\/img\/no-default-thumbnail.png\" alt=\"Lag og organisasjoner\">\t\t<h3 class=\"product-name green-box ic-design\">Lag og organisasjoner<\/h3>\r\n\t<\/a>\r\n<\/div>\r\n\r\n<\/div>\r\n<div id=\"product_filters_bar\" class=\"product-sort-bar green-box ic-design \"><div id=\"product_search-1\" class=\"filter-widget product_search search widget_search\">    <form role=\"search\" class=\"green-box ic-design\" method=\"get\"\r\n          id=\"product_search_form\" action=\"https:\/\/norborgland.no\/\">\r\n\t\t<input type=\"hidden\" name=\"post_type\" value=\"al_product\" \/>        <div class=\"ic-search-container\">\r\n\t\t\t            <input class=\"product-search-box\" type=\"search\" value=\"\" name=\"s\"\r\n                   placeholder=\"Produkts\u00f8k\"\/>\r\n            <input class=\"product-search-submit\" type=\"submit\" id=\"searchsubmit\"\r\n                   value=\"\"\/>\r\n        <\/div>\r\n    <\/form>\r\n\t<\/div><div class=\"clear-both\"><\/div><\/div><div class=\"product-list responsive default  per-row-3\" >\r\n\r\n    <div class=\"al_archive product-151 modern-grid-element green-box ic-design publish no-price\">\r\n\t\t        <div class=\"pseudo\"><\/div>\r\n        <a href=\"https:\/\/norborgland.no\/?katalogen=sovik-forsamlingshus\"><img class=\"modern-grid-image\" src=\"https:\/\/norborgland.no\/wp-content\/plugins\/ecommerce-product-catalog\/img\/no-default-thumbnail.png\" alt=\"S\u00f8vik Forsamlingshus\">            <h3 class=\"product-name green-box ic-design\">S\u00f8vik Forsamlingshus<\/h3>\r\n\t\t\t        <\/a>\r\n\t\t    <\/div>\r\n\r\n\r\n\r\n    <div class=\"al_archive product-133 modern-grid-element green-box ic-design publish no-pricewider-bg\">\r\n\t\t        <div class=\"pseudo\"><\/div>\r\n        <a href=\"https:\/\/norborgland.no\/?katalogen=norborghallen\"><img width=\"600\" height=\"339\" src=\"https:\/\/norborgland.no\/wp-content\/uploads\/2022\/10\/Norborg-fleibrukshall.jpeg\" class=\"modern-grid-image\" alt=\"Norborghallen\" loading=\"lazy\" srcset=\"https:\/\/norborgland.no\/wp-content\/uploads\/2022\/10\/Norborg-fleibrukshall.jpeg 1440w, https:\/\/norborgland.no\/wp-content\/uploads\/2022\/10\/Norborg-fleibrukshall-300x169.jpeg 300w, https:\/\/norborgland.no\/wp-content\/uploads\/2022\/10\/Norborg-fleibrukshall-1024x578.jpeg 1024w, https:\/\/norborgland.no\/wp-content\/uploads\/2022\/10\/Norborg-fleibrukshall-768x434.jpeg 768w\" sizes=\"(max-width: 600px) 100vw, 600px\" \/>            <h3 class=\"product-name green-box ic-design\">Norborghallen<\/h3>\r\n\t\t\t        <\/a>\r\n\t\t    <\/div>\r\n\r\n\r\n\r\n    <div class=\"al_archive product-129 modern-grid-element green-box ic-design publish no-price\">\r\n\t\t        <div class=\"pseudo\"><\/div>\r\n        <a href=\"https:\/\/norborgland.no\/?katalogen=sovik-og-gamlem-smabatlag\"><img width=\"600\" height=\"384\" src=\"https:\/\/norborgland.no\/wp-content\/uploads\/2022\/10\/smabatlag-600x384.jpeg\" class=\"modern-grid-image\" alt=\"S\u00f8vik og Gamlem sm\u00e5b\u00e5tlag\" loading=\"lazy\" \/>            <h3 class=\"product-name green-box ic-design\">S\u00f8vik og Gamlem sm\u00e5b\u00e5tlag<\/h3>\r\n\t\t\t        <\/a>\r\n\t\t    <\/div>\r\n\r\n\r\n\r\n    <div class=\"al_archive product-123 modern-grid-element green-box ic-design publish no-pricewider-bg\">\r\n\t\t        <div class=\"pseudo\"><\/div>\r\n        <a href=\"https:\/\/norborgland.no\/?katalogen=norborg-il\"><img width=\"600\" height=\"276\" src=\"https:\/\/norborgland.no\/wp-content\/uploads\/2022\/10\/norborg_logo-600x276.png\" class=\"modern-grid-image wider rect\" alt=\"Norborg IL\" loading=\"lazy\" \/>            <h3 class=\"product-name green-box ic-design\">Norborg IL<\/h3>\r\n\t\t\t        <\/a>\r\n\t\t    <\/div>\r\n\r\n\r\n\r\n    <div class=\"al_archive product-121 modern-grid-element green-box ic-design publish no-price\">\r\n\t\t        <div class=\"pseudo\"><\/div>\r\n        <a href=\"https:\/\/norborgland.no\/?katalogen=eksempelside-for-produkt\"><img class=\"modern-grid-image\" src=\"https:\/\/norborgland.no\/wp-content\/plugins\/ecommerce-product-catalog\/img\/no-default-thumbnail.png\" alt=\"Eksempelside for produkt\">            <h3 class=\"product-name green-box ic-design\">Eksempelside for produkt<\/h3>\r\n\t\t\t        <\/a>\r\n\t\t    <\/div>\r\n\r\n<\/div>    <span class=\"clear\"><\/span>\r\n\t<\/div>            <\/div>\n\t\t\t\n","protected":false},"excerpt":{"rendered":"","protected":false},"author":2,"featured_media":0,"parent":0,"menu_order":0,"comment_status":"closed","ping_status":"closed","template":"","meta":[],"_links":{"self":[{"href":"https:\/\/norborgland.no\/index.php?rest_route=\/wp\/v2\/pages\/122"}],"collection":[{"href":"https:\/\/norborgland.no\/index.php?rest_route=\/wp\/v2\/pages"}],"about":[{"href":"https:\/\/norborgland.no\/index.php?rest_route=\/wp\/v2\/types\/page"}],"author":[{"embeddable":true,"href":"https:\/\/norborgland.no\/index.php?rest_route=\/wp\/v2\/users\/2"}],"replies":[{"embeddable":true,"href":"https:\/\/norborgland.no\/index.php?rest_route=%2Fwp%2Fv2%2Fcomments&post=122"}],"version-history":[{"count":2,"href":"https:\/\/norborgland.no\/index.php?rest_route=\/wp\/v2\/pages\/122\/revisions"}],"predecessor-version":[{"id":145,"href":"https:\/\/norborgland.no\/index.php?rest_route=\/wp\/v2\/pages\/122\/revisions\/145"}],"wp:attachment":[{"href":"https:\/\/norborgland.no\/index.php?rest_route=%2Fwp%2Fv2%2Fmedia&parent=122"}],"curies":[{"name":"wp","href":"https:\/\/api.w.org\/{rel}","templated":true}]}}