{"id":2,"date":"2022-10-18T11:56:57","date_gmt":"2022-10-18T11:56:57","guid":{"rendered":"https:\/\/norborgland.no\/?page_id=2"},"modified":"2022-10-18T23:31:11","modified_gmt":"2022-10-18T21:31:11","slug":"sample-page","status":"publish","type":"page","link":"https:\/\/norborgland.no\/?page_id=2","title":{"rendered":"Om Norborgland.no"},"content":{"rendered":"\n<p><\/p>\n\n\n\n<p>Det er Argostep i S\u00f8vika som har tatt initiativet til \u00e5 opprette Norborgland. Vi \u00f8nsker \u00e5 bidra med et nettsted hvor vi finner alt som skjer og annen info om v\u00e5rt omland. <br><br>Pr idag s\u00e5 er alt gratis p\u00e5 siden, og vi h\u00e5per at hvis du har et arrangment eller lignende, s\u00e5 kontakt oss. <br>Aktivitetskalenderen er slik at s\u00e5 snart du har opprettet konto, s\u00e5 kan du selv g\u00e5 inn \u00e5 legge inn arrangementer. (PS: Misbruk f\u00f8rer til utestengelse) <br><br>S\u00e5 hjelp oss med \u00e5 markedsf\u00f8re Norborglandet! <br><br>Du kan kontakte oss p\u00e5 <a href=\"mailto:post@norborgland.no\">post@norborgland.no<\/a> <\/p>\n","protected":false},"excerpt":{"rendered":"<p>Det er Argostep i S\u00f8vika som har tatt initiativet til \u00e5 opprette Norborgland. Vi \u00f8nsker \u00e5 bidra med et nettsted hvor vi finner alt som skjer og annen info om &#8230; <a title=\"Om Norborgland.no\" class=\"read-more\" href=\"https:\/\/norborgland.no\/?page_id=2\" aria-label=\"Mer p\u00e5 Om Norborgland.no\">Les mer<\/a><\/p>\n","protected":false},"author":1,"featured_media":0,"parent":0,"menu_order":0,"comment_status":"closed","ping_status":"open","template":"","meta":[],"_links":{"self":[{"href":"https:\/\/norborgland.no\/index.php?rest_route=\/wp\/v2\/pages\/2"}],"collection":[{"href":"https:\/\/norborgland.no\/index.php?rest_route=\/wp\/v2\/pages"}],"about":[{"href":"https:\/\/norborgland.no\/index.php?rest_route=\/wp\/v2\/types\/page"}],"author":[{"embeddable":true,"href":"https:\/\/norborgland.no\/index.php?rest_route=\/wp\/v2\/users\/1"}],"replies":[{"embeddable":true,"href":"https:\/\/norborgland.no\/index.php?rest_route=%2Fwp%2Fv2%2Fcomments&post=2"}],"version-history":[{"count":2,"href":"https:\/\/norborgland.no\/index.php?rest_route=\/wp\/v2\/pages\/2\/revisions"}],"predecessor-version":[{"id":57,"href":"https:\/\/norborgland.no\/index.php?rest_route=\/wp\/v2\/pages\/2\/revisions\/57"}],"wp:attachment":[{"href":"https:\/\/norborgland.no\/index.php?rest_route=%2Fwp%2Fv2%2Fmedia&parent=2"}],"curies":[{"name":"wp","href":"https:\/\/api.w.org\/{rel}","templated":true}]}}