{"id":41,"date":"2022-10-18T22:44:08","date_gmt":"2022-10-18T20:44:08","guid":{"rendered":"https:\/\/norborgland.no\/?page_id=41"},"modified":"2022-10-18T22:49:29","modified_gmt":"2022-10-18T20:49:29","slug":"nyheter","status":"publish","type":"page","link":"https:\/\/norborgland.no\/?page_id=41","title":{"rendered":"Nyheter"},"content":{"rendered":"\n<p>Her kan du lese nyheter fra rundt i Norborgland. (NB: Hvis det er pluss saker, s\u00e5 m\u00e5 du selv ha et gyldig abonnement). (PS: Scroll p\u00e5 midten for \u00e5 se flere nyheter fra sidene, scroll mellom det hvite og gr\u00e5e p\u00e5 h\u00f8yre siden for \u00e5 komme nedover siden.\u00a0<\/p>\n\n\n\n<figure class=\"wp-block-embed is-type-rich is-provider-twitter wp-block-embed-twitter\"><div class=\"wp-block-embed__wrapper\">\n<a class=\"twitter-timeline\" data-width=\"1200\" data-height=\"1000\" data-dnt=\"true\" href=\"https:\/\/twitter.com\/PolitiMRpd?ref_src=twsrc%5Etfw\">Tweets by PolitiMRpd<\/a><script async src=\"https:\/\/platform.twitter.com\/widgets.js\" charset=\"utf-8\"><\/script>\n<\/div><\/figure>\n\n\n\n<figure class=\"wp-block-embed is-type-rich is-provider-twitter wp-block-embed-twitter\"><div class=\"wp-block-embed__wrapper\">\n<a class=\"twitter-timeline\" data-width=\"1200\" data-height=\"1000\" data-dnt=\"true\" href=\"https:\/\/twitter.com\/MogR110Sentral?ref_src=twsrc%5Etfw\">Tweets by MogR110Sentral<\/a><script async src=\"https:\/\/platform.twitter.com\/widgets.js\" charset=\"utf-8\"><\/script>\n<\/div><\/figure>\n\n\n\n<figure class=\"wp-block-embed is-type-rich is-provider-twitter wp-block-embed-twitter\"><div class=\"wp-block-embed__wrapper\">\n<a class=\"twitter-timeline\" data-width=\"1200\" data-height=\"1000\" data-dnt=\"true\" href=\"https:\/\/twitter.com\/VTSMidt?ref_src=twsrc%5Etfw\">Tweets by VTSMidt<\/a><script async src=\"https:\/\/platform.twitter.com\/widgets.js\" charset=\"utf-8\"><\/script>\n<\/div><figcaption><strong><a href=\"http:\/\/smp.no\" data-type=\"URL\" data-id=\"smp.no\">Nyheter fra Sunnm\u00f8rsposten:<\/a><\/strong><\/figcaption><\/figure>\n\n\n<ul class=\"wp-block-rss\"><li class='wp-block-rss__item'><div class='wp-block-rss__item-title'><a href='https:\/\/www.smp.no\/nyheter\/s\/7p71p3\/rauma-to-fekk-forenkla-foerelegg-ein-mista-lappen'>Rauma: To fekk forenkla f\u00f8relegg \u2013 \u00e9in mista lappen<\/a><\/div><\/li><li class='wp-block-rss__item'><div class='wp-block-rss__item-title'><a href='https:\/\/www.smp.no\/naeringsliv\/n\/8pGLqQ\/det-blei-ein-ny-vaar-for-oss'>\u2013 Det blei ein ny v\u00e5r for oss<\/a><\/div><\/li><li class='wp-block-rss__item'><div class='wp-block-rss__item-title'><a href='https:\/\/www.smp.no\/nyheter\/n\/zOlwE5\/sikkerhetshull-gjorde-telia-kunder-sporbare-i-aarevis'>Sikkerhetshull gjorde Telia-kunder sporbare<\/a><\/div><\/li><li class='wp-block-rss__item'><div class='wp-block-rss__item-title'><a href='https:\/\/www.smp.no\/kultur\/n\/Okgq71\/gir-nytt-liv-til-rutebilstasjonen-no-fyller-vi-det-med-kreative-samarbeid'>Dette er planane for Rutebil\u00adstasjonen<\/a><\/div><\/li><li class='wp-block-rss__item'><div class='wp-block-rss__item-title'><a href='https:\/\/www.smp.no\/magasin\/sprek\/i\/oEKxjm\/du-hoerte-det-her-foerst-karbon-er-ut'>Stor test av l\u00f8pesko<\/a><\/div><\/li><\/ul>\n\n\n<p><strong><a href=\"http:\/\/nrk.no\/mr\" data-type=\"URL\" data-id=\"nrk.no\/mr\" target=\"_blank\" rel=\"noreferrer noopener\">Nyheter fra NRK M\u00f8re og Romsdal<\/a><\/strong><\/p>\n\n\n<ul class=\"wp-block-rss\"><li class='wp-block-rss__item'><div class='wp-block-rss__item-title'><a href='https:\/\/www.nrk.no\/mr\/brannvesenet-har-kontroll-pa-terrengbrannen-i-tingvoll-1.17848731'>Brannvesenet har kontroll p\u00e5 terrengbrannen i Tingvoll<\/a><\/div><\/li><li class='wp-block-rss__item'><div class='wp-block-rss__item-title'><a href='https:\/\/www.nrk.no\/mr\/skal-ha-koyrd-trimma-elsparkesykkel-_-blei-meldt-1.17848729'>Skal ha k\u00f8yrd trimma elsparkesykkel \u2013 blei meldt<\/a><\/div><\/li><li class='wp-block-rss__item'><div class='wp-block-rss__item-title'><a href='https:\/\/www.nrk.no\/mr\/koyrde-nesten-40-km_t-over-fartsgrensa-_-mista-lappen-1.17848719'>K\u00f8yrde nesten 40 km\/t over fartsgrensa \u2013 mista lappen<\/a><\/div><\/li><li class='wp-block-rss__item'><div class='wp-block-rss__item-title'><a href='https:\/\/www.nrk.no\/mr\/brann-i-trehytte-_-folk-hadde-slokka-den-sjolv-1.17848557'>Brann i trehytte \u2013 folk hadde sl\u00f8kka den sj\u00f8lv<\/a><\/div><\/li><li class='wp-block-rss__item'><div class='wp-block-rss__item-title'><a href='https:\/\/www.nrk.no\/mr\/bratebrann-i-volda-brann-ned-vedskjul-1.17848490'>Br\u00e5tebrann i Volda brann ned vedskjul<\/a><\/div><\/li><\/ul>","protected":false},"excerpt":{"rendered":"<p>Her kan du lese nyheter fra rundt i Norborgland. (NB: Hvis det er pluss saker, s\u00e5 m\u00e5 du selv ha et gyldig abonnement). (PS: Scroll p\u00e5 midten for \u00e5 se &#8230; <a title=\"Nyheter\" class=\"read-more\" href=\"https:\/\/norborgland.no\/?page_id=41\" aria-label=\"Mer p\u00e5 Nyheter\">Les mer<\/a><\/p>\n","protected":false},"author":2,"featured_media":0,"parent":0,"menu_order":0,"comment_status":"closed","ping_status":"closed","template":"","meta":[],"_links":{"self":[{"href":"https:\/\/norborgland.no\/index.php?rest_route=\/wp\/v2\/pages\/41"}],"collection":[{"href":"https:\/\/norborgland.no\/index.php?rest_route=\/wp\/v2\/pages"}],"about":[{"href":"https:\/\/norborgland.no\/index.php?rest_route=\/wp\/v2\/types\/page"}],"author":[{"embeddable":true,"href":"https:\/\/norborgland.no\/index.php?rest_route=\/wp\/v2\/users\/2"}],"replies":[{"embeddable":true,"href":"https:\/\/norborgland.no\/index.php?rest_route=%2Fwp%2Fv2%2Fcomments&post=41"}],"version-history":[{"count":3,"href":"https:\/\/norborgland.no\/index.php?rest_route=\/wp\/v2\/pages\/41\/revisions"}],"predecessor-version":[{"id":45,"href":"https:\/\/norborgland.no\/index.php?rest_route=\/wp\/v2\/pages\/41\/revisions\/45"}],"wp:attachment":[{"href":"https:\/\/norborgland.no\/index.php?rest_route=%2Fwp%2Fv2%2Fmedia&parent=41"}],"curies":[{"name":"wp","href":"https:\/\/api.w.org\/{rel}","templated":true}]}}